{"id":3560,"date":"2019-08-14T19:17:59","date_gmt":"2019-08-15T00:17:59","guid":{"rendered":"http:\/\/fesabogados.com\/?page_id=3560"},"modified":"2019-08-20T19:51:43","modified_gmt":"2019-08-21T00:51:43","slug":"derecho-inmobiliario","status":"publish","type":"page","link":"https:\/\/fesabogados.com\/?page_id=3560","title":{"rendered":"Derecho Inmobiliario"},"content":{"rendered":"<section class=\"wpb-content-wrapper\"><p>[vc_row el_class=&#8221;practice-sidebar-details&#8221;][vc_column width=&#8221;2\/3&#8243; css=&#8221;.vc_custom_1560234610274{padding-right: 45px !important;}&#8221;][vc_single_image image=&#8221;92&#8243; img_size=&#8221;full&#8221;][vc_column_text]<\/p>\n<ul class=\"circle-icon\">\n<li style=\"text-align: justify;\">Compraventa de Inmuebles y asesor\u00edas en contrataci\u00f3n<\/li>\n<li style=\"text-align: justify;\">Negociaci\u00f3n e instrumentaci\u00f3n de contratos<\/li>\n<li style=\"text-align: justify;\">Instrumentaci\u00f3n y seguimiento jur\u00eddico de proyectos inmobiliarios<\/li>\n<li style=\"text-align: justify;\">Contratos de construcci\u00f3n<\/li>\n<li style=\"text-align: justify;\">Contratos de arrendamiento<\/li>\n<li style=\"text-align: justify;\">Debidas diligencias<\/li>\n<li style=\"text-align: justify;\">Desarrollo de proyectos comerciales y residenciales, constituci\u00f3n de reg\u00edmenes de Propiedad Horizontal<\/li>\n<li style=\"text-align: justify;\">\u00a0Modificaciones al Reglamento de Copropiedad<\/li>\n<li style=\"text-align: justify;\">Exoneraci\u00f3n de impuestos de inmuebles.<\/li>\n<li style=\"text-align: justify;\">Administraci\u00f3n de bienes inmuebles<\/li>\n<li style=\"text-align: justify;\">Tr\u00e1mites de pago de 2% y 3 % para compraventas<\/li>\n<li style=\"text-align: justify;\">Elaboraci\u00f3n de Minutas (Venta, Segregaci\u00f3n, Declaraci\u00f3n de Mejoras, Donaci\u00f3n, entre otras)<\/li>\n<li style=\"text-align: justify;\">Confecci\u00f3n de Escrituras P\u00fablicas (Venta, Segregaci\u00f3n, Declaraci\u00f3n de Mejoras, Donaci\u00f3n, entre otras)<\/li>\n<li style=\"text-align: justify;\">Servicio de Cierre Notarial e inscripci\u00f3n a Registro P\u00fablico, de las Escrituras P\u00fablicas.<\/li>\n<\/ul>\n<p>[\/vc_column_text][\/vc_column][vc_column width=&#8221;1\/3&#8243;]\n<div class=\"wpcf7 no-js\" id=\"wpcf7-f793-o1\" lang=\"en-US\" dir=\"ltr\" data-wpcf7-id=\"793\">\n<div class=\"screen-reader-response\"><p role=\"status\" aria-live=\"polite\" aria-atomic=\"true\"><\/p> <ul><\/ul><\/div>\n<form action=\"\/index.php?rest_route=%2Fwp%2Fv2%2Fpages%2F3560#wpcf7-f793-o1\" method=\"post\" class=\"wpcf7-form init\" aria-label=\"Contact form\" novalidate=\"novalidate\" data-status=\"init\">\n<fieldset class=\"hidden-fields-container\"><input type=\"hidden\" name=\"_wpcf7\" value=\"793\" \/><input type=\"hidden\" name=\"_wpcf7_version\" value=\"6.1.5\" \/><input type=\"hidden\" name=\"_wpcf7_locale\" value=\"en_US\" \/><input type=\"hidden\" name=\"_wpcf7_unit_tag\" value=\"wpcf7-f793-o1\" \/><input type=\"hidden\" name=\"_wpcf7_container_post\" value=\"0\" \/><input type=\"hidden\" name=\"_wpcf7_posted_data_hash\" value=\"\" \/>\n<\/fieldset>\n<div class=\"practice-areas-form\">\n\t<h3 class=\"widgettitle\">Solicitar Informaci\u00f3n\n\t<\/h3>\n\t<p><span class=\"wpcf7-form-control-wrap\" data-name=\"your-name\"><input size=\"40\" maxlength=\"400\" class=\"wpcf7-form-control wpcf7-text wpcf7-validates-as-required\" aria-required=\"true\" aria-invalid=\"false\" placeholder=\"Nombre\" value=\"\" type=\"text\" name=\"your-name\" \/><\/span><br \/>\n<span class=\"wpcf7-form-control-wrap\" data-name=\"your-email\"><input size=\"40\" maxlength=\"400\" class=\"wpcf7-form-control wpcf7-email wpcf7-validates-as-required wpcf7-text wpcf7-validates-as-email\" aria-required=\"true\" aria-invalid=\"false\" placeholder=\"Email\" value=\"\" type=\"email\" name=\"your-email\" \/><\/span><br \/>\n<span class=\"wpcf7-form-control-wrap\" data-name=\"your-phone\"><input size=\"40\" maxlength=\"400\" class=\"wpcf7-form-control wpcf7-text wpcf7-validates-as-required\" aria-required=\"true\" aria-invalid=\"false\" placeholder=\"Tel\u00e9fono\" value=\"\" type=\"text\" name=\"your-phone\" \/><\/span><br \/>\n<span class=\"wpcf7-form-control-wrap\" data-name=\"your-message\"><textarea cols=\"40\" rows=\"10\" maxlength=\"2000\" class=\"wpcf7-form-control wpcf7-textarea\" aria-invalid=\"false\" placeholder=\"Mensaje\" name=\"your-message\"><\/textarea><\/span><br \/>\n<input class=\"wpcf7-form-control wpcf7-submit has-spinner\" type=\"submit\" value=\"Enviar\" \/>\n\t<\/p>\n<\/div><div class=\"wpcf7-response-output\" aria-hidden=\"true\"><\/div>\n<\/form>\n<\/div>\n[\/vc_column][\/vc_row]<\/p>\n<\/section>","protected":false},"excerpt":{"rendered":"<p>[vc_row el_class=&#8221;practice-sidebar-details&#8221;][vc_column width=&#8221;2\/3&#8243; css=&#8221;.vc_custom_1560234610274{padding-right: 45px !important;}&#8221;][vc_single_image image=&#8221;92&#8243; img_size=&#8221;full&#8221;][vc_column_text] Compraventa de Inmuebles y asesor\u00edas en contrataci\u00f3n Negociaci\u00f3n e instrumentaci\u00f3n de contratos Instrumentaci\u00f3n y seguimiento jur\u00eddico de proyectos inmobiliarios Contratos de construcci\u00f3n Contratos de arrendamiento Debidas diligencias Desarrollo de proyectos comerciales y residenciales, constituci\u00f3n de reg\u00edmenes de Propiedad Horizontal \u00a0Modificaciones al Reglamento de Copropiedad Exoneraci\u00f3n de impuestos&#8230;<\/p>\n","protected":false},"author":2,"featured_media":0,"parent":364,"menu_order":0,"comment_status":"closed","ping_status":"closed","template":"","meta":{"footnotes":""},"class_list":["post-3560","page","type-page","status-publish","hentry"],"_links":{"self":[{"href":"https:\/\/fesabogados.com\/index.php?rest_route=\/wp\/v2\/pages\/3560","targetHints":{"allow":["GET"]}}],"collection":[{"href":"https:\/\/fesabogados.com\/index.php?rest_route=\/wp\/v2\/pages"}],"about":[{"href":"https:\/\/fesabogados.com\/index.php?rest_route=\/wp\/v2\/types\/page"}],"author":[{"embeddable":true,"href":"https:\/\/fesabogados.com\/index.php?rest_route=\/wp\/v2\/users\/2"}],"replies":[{"embeddable":true,"href":"https:\/\/fesabogados.com\/index.php?rest_route=%2Fwp%2Fv2%2Fcomments&post=3560"}],"version-history":[{"count":1,"href":"https:\/\/fesabogados.com\/index.php?rest_route=\/wp\/v2\/pages\/3560\/revisions"}],"predecessor-version":[{"id":3729,"href":"https:\/\/fesabogados.com\/index.php?rest_route=\/wp\/v2\/pages\/3560\/revisions\/3729"}],"up":[{"embeddable":true,"href":"https:\/\/fesabogados.com\/index.php?rest_route=\/wp\/v2\/pages\/364"}],"wp:attachment":[{"href":"https:\/\/fesabogados.com\/index.php?rest_route=%2Fwp%2Fv2%2Fmedia&parent=3560"}],"curies":[{"name":"wp","href":"https:\/\/api.w.org\/{rel}","templated":true}]}}