{"id":3433,"date":"2019-06-29T20:25:16","date_gmt":"2019-06-29T20:25:16","guid":{"rendered":"https:\/\/rstheme.com\/products\/wordpress\/advokat\/?page_id=2461"},"modified":"2019-09-05T12:30:37","modified_gmt":"2019-09-05T17:30:37","slug":"home-2","status":"publish","type":"page","link":"https:\/\/fesabogados.com\/","title":{"rendered":"Inicio"},"content":{"rendered":"<section class=\"wpb-content-wrapper\"><p>[vc_row css=&#8221;.vc_custom_1561539826162{margin-top: -130px !important;}&#8221; el_class=&#8221;mobl-mt100 home1top-service&#8221;][vc_column][vc_row_inner equal_height=&#8221;yes&#8221; css=&#8221;.vc_custom_1561187662401{padding-right: 15px !important;padding-left: 15px !important;}&#8221;][vc_column_inner el_class=&#8221;dark-bg&#8221; width=&#8221;1\/3&#8243; css=&#8221;.vc_custom_1557137287469{padding-right: 0px !important;padding-left: 0px !important;}&#8221;]<div class=\"rs-services-style3  services-left  vc_custom_1567704592750 \" data-overlay=\"#222\" data-opacity=\"1\"  >\r\n\t\r\n\t<div class=\"services-item\">\r\n\t\t<div class=\"services-icon\" >\r\n\t\t\t\t\t\t\t<div class=\"service-img-icon\"><img decoding=\"async\" src=\"https:\/\/fesabogados.com\/wp-content\/uploads\/2019\/06\/stopwatch.png\" alt=\"\"><\/div>\r\n\t\t\t\t\t\t\r\n\t\t<\/div>\r\n\t\t<div class=\"services-desc\" >\r\n\t\t\t<h3 class=\"services-title\" style=\"\"><a href=\"#\" title=\"\" style=\"color: #ffffff;font-size: 24px;\" > Confiabilidad <\/a><\/h3>\r\n\t\t\t<p  style=\"color: #ffffff\"><\/p>\n<p style=\"text-align: justify;\">Nuestros 15 a\u00f1os de experiencia, le brindan a nuestros clientes la seguridad de una atenci\u00f3n \u00f3ptima, confiable y segura.<\/p>\n<p><\/p>\r\n\t\t<\/div>\r\n\t<\/div>\t\r\n<\/div>[\/vc_column_inner][vc_column_inner width=&#8221;1\/3&#8243; css=&#8221;.vc_custom_1557135638624{padding-right: 0px !important;padding-left: 0px !important;}&#8221;]<div class=\"rs-services-style3  services-left  vc_custom_1567704609747 \" data-overlay=\"#222\" data-opacity=\"0.8\"  >\r\n\t\r\n\t<div class=\"services-item\">\r\n\t\t<div class=\"services-icon\" >\r\n\t\t\t\t\t\t\t<div class=\"service-img-icon\"><img decoding=\"async\" src=\"https:\/\/fesabogados.com\/wp-content\/uploads\/2019\/06\/target.png\" alt=\"\"><\/div>\r\n\t\t\t\t\t\t\r\n\t\t<\/div>\r\n\t\t<div class=\"services-desc\" >\r\n\t\t\t<h3 class=\"services-title\" style=\"\"><a href=\"#\" title=\"\" style=\"color: #ffffff;font-size: 24px;\" > Atenci\u00f3n Personalizada <\/a><\/h3>\r\n\t\t\t<p  style=\"color: #ffffff\"><\/p>\n<p style=\"text-align: justify;\">Brindamos a nuestros clientes una atenci\u00f3n personalizada, ofreciendo soluciones integrales que se ajusten a sus necesidades particulares.<\/p>\n<p><\/p>\r\n\t\t<\/div>\r\n\t<\/div>\t\r\n<\/div>[\/vc_column_inner][vc_column_inner width=&#8221;1\/3&#8243; css=&#8221;.vc_custom_1557135651392{padding-right: 0px !important;padding-left: 0px !important;}&#8221;]<div class=\"rs-services-style3  services-left  vc_custom_1567704626406 \" data-overlay=\"#222\" data-opacity=\"0.8\"  >\r\n\t\r\n\t<div class=\"services-item\">\r\n\t\t<div class=\"services-icon\" >\r\n\t\t\t\t\t\t\t<div class=\"service-img-icon\"><img decoding=\"async\" src=\"https:\/\/fesabogados.com\/wp-content\/uploads\/2019\/06\/recommeded.png\" alt=\"\"><\/div>\r\n\t\t\t\t\t\t\r\n\t\t<\/div>\r\n\t\t<div class=\"services-desc\" >\r\n\t\t\t<h3 class=\"services-title\" style=\"\"><a href=\"#\" title=\"\" style=\"color: #ffffff;font-size: 24px;\" > Profesionalismo <\/a><\/h3>\r\n\t\t\t<p  style=\"color: #d1d1d1\"><\/p>\n<p style=\"text-align: justify;\">Construimos relaciones s\u00f3lidas y duraderas con nuestros clientes basadas en el profesionalismo, la integridad y nuestros 15 a\u00f1os de experiencia.<\/p>\n<p><\/p>\r\n\t\t<\/div>\r\n\t<\/div>\t\r\n<\/div>[\/vc_column_inner][\/vc_row_inner][\/vc_column][\/vc_row][vc_row css=&#8221;.vc_custom_1561793550821{padding-top: 120px !important;padding-bottom: 120px !important;}&#8221;][vc_column width=&#8221;5\/12&#8243;][vc_single_image image=&#8221;3469&#8243; img_size=&#8221;full&#8221; css=&#8221;.vc_custom_1565723601290{margin-bottom: 0px !important;}&#8221;][\/vc_column][vc_column width=&#8221;7\/12&#8243; css=&#8221;.vc_custom_1561793706345{padding-top: 50px !important;padding-left: 50px !important;}&#8221; el_class=&#8221;mobc-pl15 mobc-pt-40 tab-pt-20&#8243;]\r\n        <div class=\"rs-heading   vc_custom_1565739380488  \">\r\n        \t<div class=\"title-inner \">\r\n        \t\t       \t\t\r\n\t            <span class=\"sub-text \">Sobre Nosotros<\/span>\r\n\t            <h2 class=\"title \">Bienvenidos a Fesa Abogados<\/h2>\r\n\t            <div class=\"title-img bottom-img\"><\/div>\r\n\t        <\/div><\/div>[vc_column_text]<\/p>\n<p style=\"text-align: justify;\"><strong>FESA ABOGADOS,\u00a0<\/strong>es una firma jur\u00eddica, ubicada en la c\u00e9ntrica \u00e1rea bancaria y hotelera de la Ciudad de Panam\u00e1; que brinda servicios legales de forma integral, dedicada a proveer soluciones tanto para clientes nacionales como extranjeros con intereses de negocios, inversiones, residencia en Panam\u00e1 y en muchas otras \u00e1reas legales.<\/p>\n<p>[\/vc_column_text][vc_btn title=&#8221;Leer M\u00e1s&#8221; shape=&#8221;square&#8221; link=&#8221;url:http%3A%2F%2Ffesabogados.com%2Fquienes-somos.html|||&#8221;][\/vc_column][\/vc_row][vc_row full_width=&#8221;stretch_row&#8221; equal_height=&#8221;yes&#8221; css=&#8221;.vc_custom_1561786032536{padding-top: 80px !important;padding-bottom: 120px !important;background-color: #1f2839 !important;background-position: center !important;background-repeat: no-repeat !important;background-size: cover !important;}&#8221; el_class=&#8221;mob-plr15&#8243;][vc_column css=&#8221;.vc_custom_1561620024978{margin-bottom: 0px !important;padding-bottom: 0px !important;}&#8221;]\r\n        <div class=\"rs-heading style4  vc_custom_1565777896924  text-center\">\r\n        \t<div class=\"title-inner \">\r\n        \t\t       \t\t\r\n\t            \r\n\t            <h2 class=\"title \" style=\"color: #ffffff\">Servicios Legales<\/h2>\r\n\t            <div class=\"title-img bottom-img\"><\/div>\r\n\t        <\/div><\/div>[vc_row_inner][vc_column_inner width=&#8221;1\/3&#8243;]<div class=\"rs-services\"><div class=\"service-inner services-style-home1 services-left  \">\r\n\t\t\t\t<div class=\"services-wrap\"> \r\n\t\t\t        <div class=\"services-item\"><div class=\"service-img-icon\"><img decoding=\"async\" src=\"https:\/\/fesabogados.com\/wp-content\/uploads\/2019\/07\/group.png\" alt=\" \"><\/div><div class=\"services-desc\"  >\t\r\n\t\t\t\t\t\t\t<h3 class=\"services-title services-title2\" style=\"\"><a data-onhovercolor=\"#b69d74\" data-onleavecolor=\"#ffffff\" href=\"http:\/\/fesabogados.com\/areas-de-practica\/sociedades-anonimas.html\" title=\"Reliability\" style=\"color: #ffffff;font-size: 22px;\">Sociedades An\u00f3nimas<\/a><\/h3>\t\t\r\n\t\t\t\t\t\t\t<p ><\/p>\r\n\t\t\t\t\t\t\t\r\n\t\t\t\t\t\t<\/div>\t\t\r\n\t\t\t\t\t<\/div>\t\r\n\t\t\t\t<\/div>\r\n\t\t\t<\/div>\r\n\t\t<\/div>[\/vc_column_inner][vc_column_inner el_class=&#8221;dark-bg mobc-pt-30&#8243; width=&#8221;1\/3&#8243;]<div class=\"rs-services\"><div class=\"service-inner services-style-home1 services-left  \">\r\n\t\t\t\t<div class=\"services-wrap\"> \r\n\t\t\t        <div class=\"services-item\"><div class=\"service-img-icon\"><img decoding=\"async\" src=\"https:\/\/fesabogados.com\/wp-content\/uploads\/2019\/06\/corporate-security.png\" alt=\" \"><\/div><div class=\"services-desc\"  >\t\r\n\t\t\t\t\t\t\t<h3 class=\"services-title services-title2\" style=\"\"><a data-onhovercolor=\"#b69d74\" data-onleavecolor=\"#ffffff\" href=\"http:\/\/fesabogados.com\/areas-de-practica\/propiedad-intelectual.html\" title=\"Reliability\" style=\"color: #ffffff;font-size: 22px;\">Propiedad Intelectual<\/a><\/h3>\t\t\r\n\t\t\t\t\t\t\t<p ><\/p>\r\n\t\t\t\t\t\t\t\r\n\t\t\t\t\t\t<\/div>\t\t\r\n\t\t\t\t\t<\/div>\t\r\n\t\t\t\t<\/div>\r\n\t\t\t<\/div>\r\n\t\t<\/div>[\/vc_column_inner][vc_column_inner el_class=&#8221;mobc-pt-30&#8243; width=&#8221;1\/3&#8243;]<div class=\"rs-services\"><div class=\"service-inner services-style-home1 services-left  \">\r\n\t\t\t\t<div class=\"services-wrap\"> \r\n\t\t\t        <div class=\"services-item\"><div class=\"service-img-icon\"><img decoding=\"async\" src=\"https:\/\/fesabogados.com\/wp-content\/uploads\/2019\/06\/education.png\" alt=\" \"><\/div><div class=\"services-desc\"  >\t\r\n\t\t\t\t\t\t\t<h3 class=\"services-title services-title2\" style=\"\"><a data-onhovercolor=\"#b69d74\" data-onleavecolor=\"#ffffff\" href=\"http:\/\/fesabogados.com\/areas-de-practica\/migracion.html\" title=\"Reliability\" style=\"color: #ffffff;font-size: 22px;\">Migraci\u00f3n y Naturalizaci\u00f3n<\/a><\/h3>\t\t\r\n\t\t\t\t\t\t\t<p ><\/p>\r\n\t\t\t\t\t\t\t\r\n\t\t\t\t\t\t<\/div>\t\t\r\n\t\t\t\t\t<\/div>\t\r\n\t\t\t\t<\/div>\r\n\t\t\t<\/div>\r\n\t\t<\/div>[\/vc_column_inner][\/vc_row_inner][vc_row_inner css=&#8221;.vc_custom_1561352167594{margin-top: 30px !important;}&#8221;][vc_column_inner width=&#8221;1\/3&#8243;]<div class=\"rs-services\"><div class=\"service-inner services-style-home1 services-left  \">\r\n\t\t\t\t<div class=\"services-wrap\"> \r\n\t\t\t        <div class=\"services-item\"><div class=\"service-img-icon\"><img decoding=\"async\" src=\"https:\/\/fesabogados.com\/wp-content\/uploads\/2019\/07\/portfolio.png\" alt=\" \"><\/div><div class=\"services-desc\"  >\t\r\n\t\t\t\t\t\t\t<h3 class=\"services-title services-title2\" style=\"\"><a data-onhovercolor=\"#b69d74\" data-onleavecolor=\"#ffffff\" href=\"http:\/\/fesabogados.com\/areas-de-practica\/derecho-corporativo.html\" title=\"Reliability\" style=\"color: #ffffff;font-size: 22px;\">Derecho Corporativo<\/a><\/h3>\t\t\r\n\t\t\t\t\t\t\t<p ><\/p>\r\n\t\t\t\t\t\t\t\r\n\t\t\t\t\t\t<\/div>\t\t\r\n\t\t\t\t\t<\/div>\t\r\n\t\t\t\t<\/div>\r\n\t\t\t<\/div>\r\n\t\t<\/div>[\/vc_column_inner][vc_column_inner el_class=&#8221;dark-bg mobc-pt-30&#8243; width=&#8221;1\/3&#8243;]<div class=\"rs-services\"><div class=\"service-inner services-style-home1 services-left  \">\r\n\t\t\t\t<div class=\"services-wrap\"> \r\n\t\t\t        <div class=\"services-item\"><div class=\"service-img-icon\"><img decoding=\"async\" src=\"https:\/\/fesabogados.com\/wp-content\/uploads\/2019\/07\/quality.png\" alt=\" \"><\/div><div class=\"services-desc\"  >\t\r\n\t\t\t\t\t\t\t<h3 class=\"services-title services-title2\" style=\"\"><a data-onhovercolor=\"#b69d74\" data-onleavecolor=\"#ffffff\" href=\"http:\/\/fesabogados.com\/areas-de-practica\/derecho-administrativo.html\" title=\"Reliability\" style=\"color: #ffffff;font-size: 22px;\">Derecho Administrativo<\/a><\/h3>\t\t\r\n\t\t\t\t\t\t\t<p ><\/p>\r\n\t\t\t\t\t\t\t\r\n\t\t\t\t\t\t<\/div>\t\t\r\n\t\t\t\t\t<\/div>\t\r\n\t\t\t\t<\/div>\r\n\t\t\t<\/div>\r\n\t\t<\/div>[\/vc_column_inner][vc_column_inner el_class=&#8221;mobc-pt-30&#8243; width=&#8221;1\/3&#8243;]<div class=\"rs-services\"><div class=\"service-inner services-style-home1 services-left  \">\r\n\t\t\t\t<div class=\"services-wrap\"> \r\n\t\t\t        <div class=\"services-item\"><div class=\"service-img-icon\"><img decoding=\"async\" src=\"https:\/\/fesabogados.com\/wp-content\/uploads\/2019\/06\/real-estate.png\" alt=\" \"><\/div><div class=\"services-desc\"  >\t\r\n\t\t\t\t\t\t\t<h3 class=\"services-title services-title2\" style=\"\"><a data-onhovercolor=\"#b69d74\" data-onleavecolor=\"#ffffff\" href=\"http:\/\/fesabogados.com\/areas-de-practica\/derecho-inmobiliario.html\" title=\"Reliability\" style=\"color: #ffffff;font-size: 22px;\">Derecho Inmobiliario<\/a><\/h3>\t\t\r\n\t\t\t\t\t\t\t<p ><\/p>\r\n\t\t\t\t\t\t\t\r\n\t\t\t\t\t\t<\/div>\t\t\r\n\t\t\t\t\t<\/div>\t\r\n\t\t\t\t<\/div>\r\n\t\t\t<\/div>\r\n\t\t<\/div>[\/vc_column_inner][\/vc_row_inner][vc_row_inner css=&#8221;.vc_custom_1561352167594{margin-top: 30px !important;}&#8221;][vc_column_inner width=&#8221;1\/3&#8243;]<div class=\"rs-services\"><div class=\"service-inner services-style-home1 services-left  \">\r\n\t\t\t\t<div class=\"services-wrap\"> \r\n\t\t\t        <div class=\"services-item\"><div class=\"service-img-icon\"><img decoding=\"async\" src=\"https:\/\/fesabogados.com\/wp-content\/uploads\/2019\/07\/court.png\" alt=\" \"><\/div><div class=\"services-desc\"  >\t\r\n\t\t\t\t\t\t\t<h3 class=\"services-title services-title2\" style=\"\"><a data-onhovercolor=\"#b69d74\" data-onleavecolor=\"#ffffff\" href=\"https:\/\/rstheme.com\/products\/wordpress\/advokat\/practice-areas\/family-law\/\" title=\"Reliability\" style=\"color: #ffffff;font-size: 22px;\">Derecho Laboral<\/a><\/h3>\t\t\r\n\t\t\t\t\t\t\t<p ><\/p>\r\n\t\t\t\t\t\t\t\r\n\t\t\t\t\t\t<\/div>\t\t\r\n\t\t\t\t\t<\/div>\t\r\n\t\t\t\t<\/div>\r\n\t\t\t<\/div>\r\n\t\t<\/div>[\/vc_column_inner][vc_column_inner el_class=&#8221;dark-bg mobc-pt-30&#8243; width=&#8221;1\/3&#8243;]<div class=\"rs-services\"><div class=\"service-inner services-style-home1 services-left  \">\r\n\t\t\t\t<div class=\"services-wrap\"> \r\n\t\t\t        <div class=\"services-item\"><div class=\"service-img-icon\"><img decoding=\"async\" src=\"https:\/\/fesabogados.com\/wp-content\/uploads\/2019\/06\/contract.png\" alt=\" \"><\/div><div class=\"services-desc\"  >\t\r\n\t\t\t\t\t\t\t<h3 class=\"services-title services-title2\" style=\"\"><a data-onhovercolor=\"#b69d74\" data-onleavecolor=\"#ffffff\" href=\"https:\/\/rstheme.com\/products\/wordpress\/advokat\/practice-areas\/personal-injury\/\" title=\"Reliability\" style=\"color: #ffffff;font-size: 22px;\">Registro Sanitario<\/a><\/h3>\t\t\r\n\t\t\t\t\t\t\t<p ><\/p>\r\n\t\t\t\t\t\t\t\r\n\t\t\t\t\t\t<\/div>\t\t\r\n\t\t\t\t\t<\/div>\t\r\n\t\t\t\t<\/div>\r\n\t\t\t<\/div>\r\n\t\t<\/div>[\/vc_column_inner][vc_column_inner el_class=&#8221;mobc-pt-30&#8243; width=&#8221;1\/3&#8243;]<div class=\"rs-services\"><div class=\"service-inner services-style-home1 services-left  \">\r\n\t\t\t\t<div class=\"services-wrap\"> \r\n\t\t\t        <div class=\"services-item\"><div class=\"service-img-icon\"><img decoding=\"async\" src=\"https:\/\/fesabogados.com\/wp-content\/uploads\/2019\/06\/agreement.png\" alt=\" \"><\/div><div class=\"services-desc\"  >\t\r\n\t\t\t\t\t\t\t<h3 class=\"services-title services-title2\" style=\"\"><a data-onhovercolor=\"#b69d74\" data-onleavecolor=\"#ffffff\" href=\"https:\/\/rstheme.com\/products\/wordpress\/advokat\/practice-areas\/real-estate-law\/\" title=\"Reliability\" style=\"color: #ffffff;font-size: 22px;\">Asesor\u00eda Empresarial<\/a><\/h3>\t\t\r\n\t\t\t\t\t\t\t<p ><\/p>\r\n\t\t\t\t\t\t\t\r\n\t\t\t\t\t\t<\/div>\t\t\r\n\t\t\t\t\t<\/div>\t\r\n\t\t\t\t<\/div>\r\n\t\t\t<\/div>\r\n\t\t<\/div>[\/vc_column_inner][\/vc_row_inner][vc_row_inner css=&#8221;.vc_custom_1561352167594{margin-top: 30px !important;}&#8221;][vc_column_inner width=&#8221;1\/3&#8243;]<div class=\"rs-services\"><div class=\"service-inner services-style-home1 services-left  \">\r\n\t\t\t\t<div class=\"services-wrap\"> \r\n\t\t\t        <div class=\"services-item\"><div class=\"service-img-icon\"><img decoding=\"async\" src=\"https:\/\/fesabogados.com\/wp-content\/uploads\/2019\/06\/family.png\" alt=\" \"><\/div><div class=\"services-desc\"  >\t\r\n\t\t\t\t\t\t\t<h3 class=\"services-title services-title2\" style=\"\"><a data-onhovercolor=\"#b69d74\" data-onleavecolor=\"#ffffff\" href=\"http:\/\/fesabogados.com\/areas-de-practica\/propiedad-administrativos.html\" title=\"Reliability\" style=\"color: #ffffff;font-size: 22px;\">Procesos en ACODECO Y ASEP<\/a><\/h3>\t\t\r\n\t\t\t\t\t\t\t<p ><\/p>\r\n\t\t\t\t\t\t\t\r\n\t\t\t\t\t\t<\/div>\t\t\r\n\t\t\t\t\t<\/div>\t\r\n\t\t\t\t<\/div>\r\n\t\t\t<\/div>\r\n\t\t<\/div>[\/vc_column_inner][vc_column_inner el_class=&#8221;dark-bg mobc-pt-30&#8243; width=&#8221;1\/3&#8243;]<div class=\"rs-services\"><div class=\"service-inner services-style-home1 services-left  \">\r\n\t\t\t\t<div class=\"services-wrap\"> \r\n\t\t\t        <div class=\"services-item\"><div class=\"service-img-icon\"><img decoding=\"async\" src=\"https:\/\/fesabogados.com\/wp-content\/uploads\/2019\/06\/personal-injury.png\" alt=\" \"><\/div><div class=\"services-desc\"  >\t\r\n\t\t\t\t\t\t\t<h3 class=\"services-title services-title2\" style=\"\"><a data-onhovercolor=\"#b69d74\" data-onleavecolor=\"#ffffff\" href=\"http:\/\/fesabogados.com\/areas-de-practica\/procesos-judiciales.html\" title=\"Reliability\" style=\"color: #ffffff;font-size: 22px;\">Procesos Judiciales<\/a><\/h3>\t\t\r\n\t\t\t\t\t\t\t<p ><\/p>\r\n\t\t\t\t\t\t\t\r\n\t\t\t\t\t\t<\/div>\t\t\r\n\t\t\t\t\t<\/div>\t\r\n\t\t\t\t<\/div>\r\n\t\t\t<\/div>\r\n\t\t<\/div>[\/vc_column_inner][vc_column_inner el_class=&#8221;mobc-pt-30&#8243; width=&#8221;1\/3&#8243;]<div class=\"rs-services\"><div class=\"service-inner services-style-home1 services-left  \">\r\n\t\t\t\t<div class=\"services-wrap\"> \r\n\t\t\t        <div class=\"services-item\"><div class=\"service-img-icon\"><img decoding=\"async\" src=\"https:\/\/fesabogados.com\/wp-content\/uploads\/2019\/06\/business-law.png\" alt=\" \"><\/div><div class=\"services-desc\"  >\t\r\n\t\t\t\t\t\t\t<h3 class=\"services-title services-title2\" style=\"\"><a data-onhovercolor=\"#b69d74\" data-onleavecolor=\"#ffffff\" href=\"http:\/\/fesabogados.com\/areas-de-practica\/litigios.html\" title=\"Reliability\" style=\"color: #ffffff;font-size: 22px;\">Litigios y Procesos<\/a><\/h3>\t\t\r\n\t\t\t\t\t\t\t<p ><\/p>\r\n\t\t\t\t\t\t\t\r\n\t\t\t\t\t\t<\/div>\t\t\r\n\t\t\t\t\t<\/div>\t\r\n\t\t\t\t<\/div>\r\n\t\t\t<\/div>\r\n\t\t<\/div>[\/vc_column_inner][\/vc_row_inner][\/vc_column][\/vc_row][vc_row equal_height=&#8221;yes&#8221; content_placement=&#8221;middle&#8221; css=&#8221;.vc_custom_1561841108484{margin-top: 90px !important;margin-bottom: 90px !important;background-position: center !important;background-repeat: no-repeat !important;background-size: cover !important;}&#8221;][vc_column css=&#8221;.vc_custom_1561874693234{margin-top: 0px !important;margin-right: 0px !important;margin-bottom: 0px !important;margin-left: 0px !important;padding-top: 55px !important;padding-right: 60px !important;padding-bottom: 70px !important;padding-left: 60px !important;background-image: url(http:\/\/fesabogados.com\/wp-content\/uploads\/2019\/06\/video-bg.jpg?id=1963) !important;background-position: center !important;background-repeat: no-repeat !important;background-size: cover !important;}&#8221; el_class=&#8221;free-con-view moblc-plr15&#8243;]\r\n        <div class=\"rs-heading   vc_custom_1565787182477 home-schedulefor \">\r\n        \t<div class=\"title-inner \">\r\n        \t\t       \t\t\r\n\t            \r\n\t            <h2 class=\"title \" style=\"color: #ffffff\">Realiza tu consulta<\/h2>\r\n\t            <div class=\"title-img bottom-img\"><\/div>\r\n\t        <\/div><\/div>\n<div class=\"wpcf7 no-js\" id=\"wpcf7-f471-o1\" lang=\"en-US\" dir=\"ltr\" data-wpcf7-id=\"471\">\n<div class=\"screen-reader-response\"><p role=\"status\" aria-live=\"polite\" aria-atomic=\"true\"><\/p> <ul><\/ul><\/div>\n<form action=\"\/index.php?rest_route=%2Fwp%2Fv2%2Fpages%2F3433#wpcf7-f471-o1\" method=\"post\" class=\"wpcf7-form init\" aria-label=\"Contact form\" novalidate=\"novalidate\" data-status=\"init\">\n<fieldset class=\"hidden-fields-container\"><input type=\"hidden\" name=\"_wpcf7\" value=\"471\" \/><input type=\"hidden\" name=\"_wpcf7_version\" value=\"6.1.5\" \/><input type=\"hidden\" name=\"_wpcf7_locale\" value=\"en_US\" \/><input type=\"hidden\" name=\"_wpcf7_unit_tag\" value=\"wpcf7-f471-o1\" \/><input type=\"hidden\" name=\"_wpcf7_container_post\" value=\"0\" \/><input type=\"hidden\" name=\"_wpcf7_posted_data_hash\" value=\"\" \/>\n<\/fieldset>\n<div class=\"contact-page2 contact-page1\">\n\t<div class=\"row\">\n\t\t<div class=\"col-md-6\">\n\t\t\t<p><span class=\"wpcf7-form-control-wrap\" data-name=\"your-name\"><input size=\"40\" maxlength=\"400\" class=\"wpcf7-form-control wpcf7-text wpcf7-validates-as-required\" aria-required=\"true\" aria-invalid=\"false\" placeholder=\"Nombre\" value=\"\" type=\"text\" name=\"your-name\" \/><\/span>\n\t\t\t<\/p>\n\t\t<\/div>\n\t\t<div class=\"col-md-6\">\n\t\t\t<p><span class=\"wpcf7-form-control-wrap\" data-name=\"your-email\"><input size=\"40\" maxlength=\"400\" class=\"wpcf7-form-control wpcf7-email wpcf7-validates-as-required wpcf7-text wpcf7-validates-as-email\" aria-required=\"true\" aria-invalid=\"false\" placeholder=\"Email\" value=\"\" type=\"email\" name=\"your-email\" \/><\/span>\n\t\t\t<\/p>\n\t\t<\/div>\n\t\t<div class=\"col-md-6\">\n\t\t\t<p><span class=\"wpcf7-form-control-wrap\" data-name=\"your-phone\"><input size=\"40\" maxlength=\"400\" class=\"wpcf7-form-control wpcf7-text wpcf7-validates-as-required\" aria-required=\"true\" aria-invalid=\"false\" placeholder=\"Tel\u00e9fono\" value=\"\" type=\"text\" name=\"your-phone\" \/><\/span>\n\t\t\t<\/p>\n\t\t<\/div>\n\t\t<div class=\"col-md-6\">\n\t\t\t<p><span class=\"wpcf7-form-control-wrap\" data-name=\"Registro-Sanitario\"><select class=\"wpcf7-form-control wpcf7-select\" aria-invalid=\"false\" name=\"Registro-Sanitario\"><option value=\"-Seleccionar Categoria-\">-Seleccionar Categoria-<\/option><option value=\"Sociedades An\u00f3nimas\">Sociedades An\u00f3nimas<\/option><option value=\"Procesos Judiciales ante los Juzgados de Libre Competencia y Asuntos del Consumidor\">Procesos Judiciales ante los Juzgados de Libre Competencia y Asuntos del Consumidor<\/option><option value=\"Propiedad Intelectual (Marcas, Nombre Comercial y Derecho de Autor)\">Propiedad Intelectual (Marcas, Nombre Comercial y Derecho de Autor)<\/option><option value=\"Registro Sanitario\">Registro Sanitario<\/option><option value=\"Migraci\u00f3n\">Migraci\u00f3n<\/option><option value=\"Asesor\u00eda Empresarial\">Asesor\u00eda Empresarial<\/option><option value=\"Derecho Corporativo\">Derecho Corporativo<\/option><option value=\"Derecho Administrativo\">Derecho Administrativo<\/option><option value=\"Derecho Laboral\">Derecho Laboral<\/option><option value=\"Derecho Inmobiliario y de Bienes y Raices\">Derecho Inmobiliario y de Bienes y Raices<\/option><option value=\"Litigios\">Litigios<\/option><\/select><\/span>\n\t\t\t<\/p>\n\t\t<\/div>\n\t<\/div>\n\t<div class=\"row\">\n\t\t<div class=\"col-md-12\">\n\t\t\t<p><span class=\"wpcf7-form-control-wrap\" data-name=\"your-message\"><textarea cols=\"40\" rows=\"10\" maxlength=\"2000\" class=\"wpcf7-form-control wpcf7-textarea\" aria-invalid=\"false\" placeholder=\"Mensaje\" name=\"your-message\"><\/textarea><\/span>\n\t\t\t<\/p>\n\t\t<\/div>\n\t<\/div>\n\t<div class=\"row\">\n\t\t<div class=\"col-md-12\">\n\t\t\t<div class=\"form-button\">\n\t\t\t\t<p class=\"submit-btn\"><input class=\"wpcf7-form-control wpcf7-submit has-spinner\" type=\"submit\" value=\"Enviar\" \/><i class=\"glyph-icon flaticon-right-arrow\"><\/i>\n\t\t\t\t<\/p>\n\t\t\t<\/div>\n\t\t<\/div>\n\t<\/div>\n<\/div><div class=\"wpcf7-response-output\" aria-hidden=\"true\"><\/div>\n<\/form>\n<\/div>\n[\/vc_column][\/vc_row]<\/p>\n<\/section>","protected":false},"excerpt":{"rendered":"<p>[vc_row css=&#8221;.vc_custom_1561539826162{margin-top: -130px !important;}&#8221; el_class=&#8221;mobl-mt100 home1top-service&#8221;][vc_column][vc_row_inner equal_height=&#8221;yes&#8221; css=&#8221;.vc_custom_1561187662401{padding-right: 15px !important;padding-left: 15px !important;}&#8221;][vc_column_inner el_class=&#8221;dark-bg&#8221; width=&#8221;1\/3&#8243; css=&#8221;.vc_custom_1557137287469{padding-right: 0px !important;padding-left: 0px !important;}&#8221;][\/vc_column_inner][vc_column_inner width=&#8221;1\/3&#8243; css=&#8221;.vc_custom_1557135638624{padding-right: 0px !important;padding-left: 0px !important;}&#8221;][\/vc_column_inner][vc_column_inner width=&#8221;1\/3&#8243; css=&#8221;.vc_custom_1557135651392{padding-right: 0px !important;padding-left: 0px !important;}&#8221;][\/vc_column_inner][\/vc_row_inner][\/vc_column][\/vc_row][vc_row css=&#8221;.vc_custom_1561793550821{padding-top: 120px !important;padding-bottom: 120px !important;}&#8221;][vc_column width=&#8221;5\/12&#8243;][vc_single_image image=&#8221;3469&#8243; img_size=&#8221;full&#8221; css=&#8221;.vc_custom_1565723601290{margin-bottom: 0px !important;}&#8221;][\/vc_column][vc_column width=&#8221;7\/12&#8243; css=&#8221;.vc_custom_1561793706345{padding-top: 50px !important;padding-left: 50px !important;}&#8221; el_class=&#8221;mobc-pl15 mobc-pt-40 tab-pt-20&#8243;][vc_column_text] FESA ABOGADOS,\u00a0es una firma&#8230;<\/p>\n","protected":false},"author":2,"featured_media":0,"parent":0,"menu_order":0,"comment_status":"closed","ping_status":"closed","template":"page-single.php","meta":{"footnotes":""},"class_list":["post-3433","page","type-page","status-publish","hentry"],"_links":{"self":[{"href":"https:\/\/fesabogados.com\/index.php?rest_route=\/wp\/v2\/pages\/3433","targetHints":{"allow":["GET"]}}],"collection":[{"href":"https:\/\/fesabogados.com\/index.php?rest_route=\/wp\/v2\/pages"}],"about":[{"href":"https:\/\/fesabogados.com\/index.php?rest_route=\/wp\/v2\/types\/page"}],"author":[{"embeddable":true,"href":"https:\/\/fesabogados.com\/index.php?rest_route=\/wp\/v2\/users\/2"}],"replies":[{"embeddable":true,"href":"https:\/\/fesabogados.com\/index.php?rest_route=%2Fwp%2Fv2%2Fcomments&post=3433"}],"version-history":[{"count":1,"href":"https:\/\/fesabogados.com\/index.php?rest_route=\/wp\/v2\/pages\/3433\/revisions"}],"predecessor-version":[{"id":3740,"href":"https:\/\/fesabogados.com\/index.php?rest_route=\/wp\/v2\/pages\/3433\/revisions\/3740"}],"wp:attachment":[{"href":"https:\/\/fesabogados.com\/index.php?rest_route=%2Fwp%2Fv2%2Fmedia&parent=3433"}],"curies":[{"name":"wp","href":"https:\/\/api.w.org\/{rel}","templated":true}]}}